{"id":486,"date":"2016-11-04T15:20:00","date_gmt":"2016-11-04T14:20:00","guid":{"rendered":"http:\/\/www.bc-training.fr\/en\/services\/coaching-en-entreprise\/voyage-d-entreprise\/"},"modified":"2017-01-05T15:37:46","modified_gmt":"2017-01-05T14:37:46","slug":"voyage-d-entreprise","status":"publish","type":"page","link":"https:\/\/www.bc-training.fr\/en\/services\/coaching-in-company\/voyage-d-entreprise\/","title":{"rendered":"Voyage d&#8217;entreprise"},"content":{"rendered":"<p><strong>Donnez des ailes \u00e0 votre entreprise !<\/strong><\/p>\n<p>Mise au vert d\u2019un week-end ou d\u2019une semaine, nous vous proposons un <strong>programme d\u2019activit\u00e9 sur mesure.\u00a0<\/strong>Que ce soit en Belgique, Bali, Marrakech, Egypte,\u2026 nous avons nos contacts sur place pour<strong> une organisation sans faille\u00a0<\/strong>!<\/p>\n<p>Du G\u00eete, au Ryad en passant par la villa privatis\u00e9e et luxueuse ou encore le bateau de croisi\u00e8re, nous r\u00e9pondrons \u00e0 votre demande.<\/p>\n","protected":false},"excerpt":{"rendered":"<p>Donnez des ailes \u00e0 votre entreprise ! Mise au vert d\u2019un week-end ou d\u2019une semaine, nous vous proposons un programme d\u2019activit\u00e9 sur mesure.\u00a0Que ce soit en [&hellip;]<\/p>\n","protected":false},"author":1,"featured_media":922,"parent":391,"menu_order":0,"comment_status":"closed","ping_status":"closed","template":"","meta":[],"_links":{"self":[{"href":"https:\/\/www.bc-training.fr\/en\/wp-json\/wp\/v2\/pages\/486\/"}],"collection":[{"href":"https:\/\/www.bc-training.fr\/en\/wp-json\/wp\/v2\/pages\/"}],"about":[{"href":"https:\/\/www.bc-training.fr\/en\/wp-json\/wp\/v2\/types\/page\/"}],"author":[{"embeddable":true,"href":"https:\/\/www.bc-training.fr\/en\/wp-json\/wp\/v2\/users\/1\/"}],"replies":[{"embeddable":true,"href":"https:\/\/www.bc-training.fr\/en\/wp-json\/wp\/v2\/comments\/?post=486"}],"version-history":[{"count":1,"href":"https:\/\/www.bc-training.fr\/en\/wp-json\/wp\/v2\/pages\/486\/revisions\/"}],"predecessor-version":[{"id":874,"href":"https:\/\/www.bc-training.fr\/en\/wp-json\/wp\/v2\/pages\/486\/revisions\/874\/"}],"up":[{"embeddable":true,"href":"https:\/\/www.bc-training.fr\/en\/wp-json\/wp\/v2\/pages\/391\/"}],"wp:featuredmedia":[{"embeddable":true,"href":"https:\/\/www.bc-training.fr\/en\/wp-json\/wp\/v2\/media\/922\/"}],"wp:attachment":[{"href":"https:\/\/www.bc-training.fr\/en\/wp-json\/wp\/v2\/media\/?parent=486"}],"curies":[{"name":"wp","href":"https:\/\/api.w.org\/{rel}","templated":true}]}}