{"id":476,"date":"2016-11-04T15:19:19","date_gmt":"2016-11-04T14:19:19","guid":{"rendered":"http:\/\/www.bc-training.fr\/en\/services\/coaching-en-entreprise\/team-building\/"},"modified":"2017-01-09T13:23:36","modified_gmt":"2017-01-09T12:23:36","slug":"team-building","status":"publish","type":"page","link":"https:\/\/www.bc-training.fr\/en\/services\/coaching-in-company\/team-building\/","title":{"rendered":"Team building"},"content":{"rendered":"<p><strong><img loading=\"lazy\" class=\"size-full wp-image-194 alignright\" src=\"http:\/\/www.bc-training.fr\/wp-content\/uploads\/2016\/11\/ph_bouger.jpg\" alt=\"ph_bouger\" width=\"150\" height=\"150\" srcset=\"https:\/\/www.bc-training.fr\/wp-content\/uploads\/2016\/11\/ph_bouger.jpg 150w, https:\/\/www.bc-training.fr\/wp-content\/uploads\/2016\/11\/ph_bouger-68x68.jpg 68w\" sizes=\"(max-width: 150px) 100vw, 150px\" \/>La t\u00eate, les jambes et le c\u0153ur !\u00a0R\u00e9flexion, action, sensation !<br \/>\nChaque mot est essentiel au bon fonctionnement de votre entreprise ainsi que des gens qui y travaillent !<\/strong><\/p>\n<p>Nous vous proposons un endroit et un cadre exceptionnel, r\u00e9put\u00e9 internationalement, il s\u2019agit de la r\u00e9gion de Spa. Vous \u00eates \u00e0 la recherche d\u2019un team building original, qui allie challenge (accessible \u00e0 tous), communication, esprit d\u2019\u00e9quipe ?<\/p>\n<p><strong>Alors vous \u00eates \u00e0 la bonne adresse !<\/strong><\/p>\n<h3>Une activit\u00e9 physique et ludique<\/h3>\n<p><img loading=\"lazy\" class=\"size-full wp-image-195 alignright\" src=\"http:\/\/www.bc-training.fr\/wp-content\/uploads\/2016\/11\/ph_teambuilding.jpg\" alt=\"ph_teambuilding\" width=\"150\" height=\"150\" srcset=\"https:\/\/www.bc-training.fr\/wp-content\/uploads\/2016\/11\/ph_teambuilding.jpg 150w, https:\/\/www.bc-training.fr\/wp-content\/uploads\/2016\/11\/ph_teambuilding-68x68.jpg 68w\" sizes=\"(max-width: 150px) 100vw, 150px\" \/>Que pensez vous de terminer une formation ou autre par une activit\u00e9 physique et ludique ?\u00a0 L\u2019apr\u00e8s-midi ou matin\u00e9e, selon les cas et vos besoins.\u00a0Mettez \u00e0 l\u2019\u00e9preuve, dans la bonne humeur, votre personnel dans la d\u00e9stabilisation, la communication, la r\u00e9action, l\u2019imagination, l\u2019interpr\u00e9tation, l\u2019effort et enfin la r\u00e9ussite d\u2019un challenge !<\/p>\n<p><strong>Souvent, nous intervenons l\u2019apr\u00e8s-midi pour des activit\u00e9s ext\u00e9rieures, mais nous sommes bien entendu \u00e0 l\u2019\u00e9coute de vos besoins.<\/strong><\/p>\n<h3>Un service \u00e0 la carte :<\/h3>\n<ul>\n<li>Salle de s\u00e9minaire et de formation<\/li>\n<li>Accueil petit d\u00e9jeuner<\/li>\n<li>Le choix entre un lunch le midi ou un repas au restaurant interne<\/li>\n<li>Tout est possible, mais rien n\u2019est obligatoire !<\/li>\n<\/ul>\n<p>M\u00eame l\u2019hiver, nous profitons des <strong>bois de Spa<\/strong> pour diverses activit\u00e9s.<\/p>\n<p>C\u2019est \u00e0 la fin de votre challenge un peu physique, que nous vous proposons de d\u00e9couvrir une des particularit\u00e9s de notre concept.<\/p>\n<p>Nous vous inviterons \u00e0 vous d\u00e9tendre pour cl\u00f4turer cette journ\u00e9e au gr\u00e9 de vos envies dans les splendides infrastructures des <a href=\"http:\/\/www.thermesdespa.com\">Thermes de Spa<\/a>, compos\u00e9es de bain thermo ludique, saunas, hammams, jacuzzis,\u2026encore une fois sans obligation.<\/p>\n","protected":false},"excerpt":{"rendered":"<p>La t\u00eate, les jambes et le c\u0153ur !\u00a0R\u00e9flexion, action, sensation ! Chaque mot est essentiel au bon fonctionnement de votre entreprise ainsi que des gens qui [&hellip;]<\/p>\n","protected":false},"author":1,"featured_media":596,"parent":391,"menu_order":0,"comment_status":"closed","ping_status":"closed","template":"","meta":[],"_links":{"self":[{"href":"https:\/\/www.bc-training.fr\/en\/wp-json\/wp\/v2\/pages\/476\/"}],"collection":[{"href":"https:\/\/www.bc-training.fr\/en\/wp-json\/wp\/v2\/pages\/"}],"about":[{"href":"https:\/\/www.bc-training.fr\/en\/wp-json\/wp\/v2\/types\/page\/"}],"author":[{"embeddable":true,"href":"https:\/\/www.bc-training.fr\/en\/wp-json\/wp\/v2\/users\/1\/"}],"replies":[{"embeddable":true,"href":"https:\/\/www.bc-training.fr\/en\/wp-json\/wp\/v2\/comments\/?post=476"}],"version-history":[{"count":1,"href":"https:\/\/www.bc-training.fr\/en\/wp-json\/wp\/v2\/pages\/476\/revisions\/"}],"predecessor-version":[{"id":871,"href":"https:\/\/www.bc-training.fr\/en\/wp-json\/wp\/v2\/pages\/476\/revisions\/871\/"}],"up":[{"embeddable":true,"href":"https:\/\/www.bc-training.fr\/en\/wp-json\/wp\/v2\/pages\/391\/"}],"wp:featuredmedia":[{"embeddable":true,"href":"https:\/\/www.bc-training.fr\/en\/wp-json\/wp\/v2\/media\/596\/"}],"wp:attachment":[{"href":"https:\/\/www.bc-training.fr\/en\/wp-json\/wp\/v2\/media\/?parent=476"}],"curies":[{"name":"wp","href":"https:\/\/api.w.org\/{rel}","templated":true}]}}