{"id":472,"date":"2016-11-04T15:16:50","date_gmt":"2016-11-04T14:16:50","guid":{"rendered":"http:\/\/www.bc-training.fr\/en\/services\/coaching-en-groupe\/bootcamp\/"},"modified":"2017-01-08T09:47:15","modified_gmt":"2017-01-08T08:47:15","slug":"bootcamp","status":"publish","type":"page","link":"https:\/\/www.bc-training.fr\/en\/services\/coaching-in-team\/bootcamp\/","title":{"rendered":"Bootcamp"},"content":{"rendered":"<p><strong>Le Bootcamp, c&#8217;est utiliser l&#8217;environnement naturel pour pratiquer un entra\u00eenement musculaire et cardiovasculaire bas\u00e9 sur celui de la marine US.<\/strong><\/p>\n<p>Attention, le Bootcamp n\u2019est pas du <a href=\"http:\/\/www.bc-training.fr\/en\/services\/coaching-personal\/sport-coaching\/\">Personal Training<\/a>, mais un entra\u00eenement fun, motivant et efficace. <strong>Son objectif est double<\/strong> : la <strong>combustion des graisses<\/strong>, mais aussi <strong>cr\u00e9er un esprit d\u2019\u00e9quipe<\/strong> en pleine nature.<\/p>\n<h3>Les avantages<\/h3>\n<p><strong>L\u2019avantage du Bootcamp,<\/strong> c\u2019est qu\u2019il est adapt\u00e9 \u00e0 tous et \u00e0 tous les niveaux de forme physique dans la mesure o\u00f9 vous \u00eates encadr\u00e9 par un Personal Trainer. Si vous aimez les d\u00e9fis et les challenges, le bootcamp est pour vous !<\/p>\n<p><a class=\"btn btn-primary theme-btn btn-sm\" href=\"https:\/\/www.youtube.com\/watch?v=SXKiCqc5_TA\">Voir le reportage sur le Bootcamp<\/a><\/p>\n<h3>Inscription<\/h3>\n","protected":false},"excerpt":{"rendered":"<p>Le Bootcamp, c&#8217;est utiliser l&#8217;environnement naturel pour pratiquer un entra\u00eenement musculaire et cardiovasculaire bas\u00e9 sur celui de la marine US. Attention, le Bootcamp n\u2019est pas du [&hellip;]<\/p>\n","protected":false},"author":1,"featured_media":899,"parent":387,"menu_order":0,"comment_status":"closed","ping_status":"closed","template":"","meta":[],"_links":{"self":[{"href":"https:\/\/www.bc-training.fr\/en\/wp-json\/wp\/v2\/pages\/472\/"}],"collection":[{"href":"https:\/\/www.bc-training.fr\/en\/wp-json\/wp\/v2\/pages\/"}],"about":[{"href":"https:\/\/www.bc-training.fr\/en\/wp-json\/wp\/v2\/types\/page\/"}],"author":[{"embeddable":true,"href":"https:\/\/www.bc-training.fr\/en\/wp-json\/wp\/v2\/users\/1\/"}],"replies":[{"embeddable":true,"href":"https:\/\/www.bc-training.fr\/en\/wp-json\/wp\/v2\/comments\/?post=472"}],"version-history":[{"count":4,"href":"https:\/\/www.bc-training.fr\/en\/wp-json\/wp\/v2\/pages\/472\/revisions\/"}],"predecessor-version":[{"id":905,"href":"https:\/\/www.bc-training.fr\/en\/wp-json\/wp\/v2\/pages\/472\/revisions\/905\/"}],"up":[{"embeddable":true,"href":"https:\/\/www.bc-training.fr\/en\/wp-json\/wp\/v2\/pages\/387\/"}],"wp:featuredmedia":[{"embeddable":true,"href":"https:\/\/www.bc-training.fr\/en\/wp-json\/wp\/v2\/media\/899\/"}],"wp:attachment":[{"href":"https:\/\/www.bc-training.fr\/en\/wp-json\/wp\/v2\/media\/?parent=472"}],"curies":[{"name":"wp","href":"https:\/\/api.w.org\/{rel}","templated":true}]}}