{"id":450,"date":"2016-11-15T16:54:11","date_gmt":"2016-11-15T15:54:11","guid":{"rendered":"http:\/\/www.bc-training.fr\/en\/services\/coaching-personnel\/coaching-sportif\/questions-reponses\/"},"modified":"2017-01-05T12:15:19","modified_gmt":"2017-01-05T11:15:19","slug":"questions-reponses","status":"publish","type":"page","link":"https:\/\/www.bc-training.fr\/en\/services\/coaching-personal\/sport-coaching\/questions-reponses\/","title":{"rendered":"Questions &#8211; r\u00e9ponses"},"content":{"rendered":"<h5>Dois-je disposer de mat\u00e9riel si un Personal Trainer vient \u00e0 mon domicile ?<\/h5>\n<p>Absolument pas, le Personal Trainer vient avec <strong>son mat\u00e9riel<\/strong>.<\/p>\n<h5>De quel espace dois je disposer pour les s\u00e9ances \u00e0 domicile ?<\/h5>\n<p>Plus o\u00f9 moins 10m\u00b2.<\/p>\n<h5>Combien cela co\u00fbte-t-il ?<\/h5>\n<p>Tout cela d\u00e9pend du lieu, ainsi que du nombre d&#8217;heure choisi et n\u00e9cessaire pour atteindre votre objectif. Une rencontre sans engagement avec le Personal Trainer, vous permettra de d\u00e9terminer ensemble, le plan d&#8217;action pour atteindre votre but. Vous saurez avec pr\u00e9cision quelle formule choisir, ainsi que son co\u00fbt. N&#8217;h\u00e9sitez pas \u00e0 nous contacter, nous vous renseignerons avec plaisir.<\/p>\n<h5>Est ce que le r\u00e9sultat est garanti ?<\/h5>\n<p>Encore une fois, tout d\u00e9pend de l&#8217;objectif, pour le bien-\u00eatre et le renforcement musculaire, nous vous garantissons le r\u00e9sultat. Pour l&#8217;amincissement, nous ne sommes pas avec vous 24h\/24 pour v\u00e9rifier que le plan d&#8217;action \u00e9tabli ensemble est respect\u00e9. Gardez \u00e0 l&#8217;esprit que nous sommes Personal Trainer et pas magicien, nous ne pouvons pas r\u00e9aliser de miracle. Nous, nous vous donnons les outils pour y arriver, si vous les utilisez, vous passerez la ligne d&#8217;arriv\u00e9e!<\/p>\n<h5>Combien de s\u00e9ance par semaine ai je besoin ?<\/h5>\n<p>En g\u00e9n\u00e9ral, 2x1h\/semaine, selon votre objectif. Si n\u00e9cessaire, nous \u00e9tablirons ensemble des activit\u00e9s physiques suppl\u00e9mentaires que vous pourrez r\u00e9aliser seul.<\/p>\n<h5>Puis-je pratiquer le Personal Training si j&#8217;ai des probl\u00e8mes de dos ?<\/h5>\n<p>Justement oui! Nous sommes l\u00e0 pour adapter l&#8217;activit\u00e9 en fonction de vos besoins et par rapport \u00e0 vous et vous seul!<\/p>\n<h5>y a-t-il un \u00e2ge pour faire du Personal Training ?<\/h5>\n<p>Les objectifs sont diff\u00e9rents \u00e0 tout \u00e2ge et le Personal Training s&#8217;adapte \u00e0 toute diff\u00e9rence! Actuellement le coach\u00e9 le plus jeune a 8 ans et le plus \u00e2g\u00e9 80 ans!<\/p>\n<h5>Je ne suis pas sportif(ve), est-ce quand m\u00eame pour moi ?<\/h5>\n<p>Nous r\u00e9pondons un grand OUI! c&#8217;est bien la raison pour laquelle vous ne voyez pas le mot sport sur notre site, mais plut\u00f4t le mot activit\u00e9 physique. Pour nous le sport est synonyme de performance et l&#8217;activit\u00e9 physique est synonyme de sant\u00e9, forme et bien-\u00eatre.<\/p>\n<h5>Peut-on prendre un Personal Trainer pour plusieurs personnes \u00e0 la fois ?<\/h5>\n<p>On peut oui, mais il faut savoir que ce n&#8217;est plus du Personal Training, vous aurez alors droit \u00e0 un suivi professionnel dans le but de bouger en s\u00e9curit\u00e9 et de mani\u00e8re fun! En effet, la base de la remise en forme, c&#8217;est la condition physique, elle est diff\u00e9rente chez chacun d&#8217;entre nous, voil\u00e0 pourquoi, il n&#8217;est pas possible de poursuivre un objectif pr\u00e9cis en groupe, m\u00eame de deux. Par contre, on peut tr\u00e8s bien bouger \u00e0 plusieurs, juste pour garder la forme.<\/p>\n<h5>Puis-je choisir mon Personal Trainer ?<\/h5>\n<p>Oui bien entendu, la seule chose qui peut freiner, c&#8217;est la distance, <a href=\"http:\/\/www.bc-training.fr\/services\/coaching-personnel\/coaching-sportif\/nos-personal-trainers\/\">choisissez le Personal Trainer<\/a> en fonction du lieu o\u00f9 vous souhaitez pratiquer le Personal Training.<\/p>\n","protected":false},"excerpt":{"rendered":"<p>Dois-je disposer de mat\u00e9riel si un Personal Trainer vient \u00e0 mon domicile ? Absolument pas, le Personal Trainer vient avec son mat\u00e9riel. De quel espace dois [&hellip;]<\/p>\n","protected":false},"author":1,"featured_media":908,"parent":404,"menu_order":0,"comment_status":"closed","ping_status":"closed","template":"","meta":[],"_links":{"self":[{"href":"https:\/\/www.bc-training.fr\/en\/wp-json\/wp\/v2\/pages\/450\/"}],"collection":[{"href":"https:\/\/www.bc-training.fr\/en\/wp-json\/wp\/v2\/pages\/"}],"about":[{"href":"https:\/\/www.bc-training.fr\/en\/wp-json\/wp\/v2\/types\/page\/"}],"author":[{"embeddable":true,"href":"https:\/\/www.bc-training.fr\/en\/wp-json\/wp\/v2\/users\/1\/"}],"replies":[{"embeddable":true,"href":"https:\/\/www.bc-training.fr\/en\/wp-json\/wp\/v2\/comments\/?post=450"}],"version-history":[{"count":1,"href":"https:\/\/www.bc-training.fr\/en\/wp-json\/wp\/v2\/pages\/450\/revisions\/"}],"predecessor-version":[{"id":876,"href":"https:\/\/www.bc-training.fr\/en\/wp-json\/wp\/v2\/pages\/450\/revisions\/876\/"}],"up":[{"embeddable":true,"href":"https:\/\/www.bc-training.fr\/en\/wp-json\/wp\/v2\/pages\/404\/"}],"wp:featuredmedia":[{"embeddable":true,"href":"https:\/\/www.bc-training.fr\/en\/wp-json\/wp\/v2\/media\/908\/"}],"wp:attachment":[{"href":"https:\/\/www.bc-training.fr\/en\/wp-json\/wp\/v2\/media\/?parent=450"}],"curies":[{"name":"wp","href":"https:\/\/api.w.org\/{rel}","templated":true}]}}